{"id":166,"date":"2021-02-11T19:12:11","date_gmt":"2021-02-11T19:12:11","guid":{"rendered":"https:\/\/swisstreasures.ch\/?page_id=166"},"modified":"2023-02-07T15:31:45","modified_gmt":"2023-02-07T15:31:45","slug":"notre-histoire","status":"publish","type":"page","link":"https:\/\/swisstreasures.ch\/index.php\/notre-histoire\/","title":{"rendered":"NOTRE HISTOIRE"},"content":{"rendered":"\t\t<div data-elementor-type=\"wp-page\" data-elementor-id=\"166\" class=\"elementor elementor-166\">\n\t\t\t\t\t\t<div class=\"elementor-inner\">\n\t\t\t\t<div class=\"elementor-section-wrap\">\n\t\t\t\t\t\t\t\t\t<section class=\"elementor-section elementor-top-section elementor-element elementor-element-d0b8ed6 elementor-section-full_width elementor-section-height-min-height elementor-section-height-default elementor-section-items-middle\" data-id=\"d0b8ed6\" data-element_type=\"section\" data-settings=\"{&quot;background_background&quot;:&quot;classic&quot;,&quot;_ha_eqh_enable&quot;:false}\">\n\t\t\t\t\t\t\t<div class=\"elementor-background-overlay\"><\/div>\n\t\t\t\t\t\t\t<div class=\"elementor-container elementor-column-gap-default\">\n\t\t\t\t\t\t\t<div class=\"elementor-row\">\n\t\t\t\t\t<div class=\"elementor-column elementor-col-100 elementor-top-column elementor-element elementor-element-7d678ad\" data-id=\"7d678ad\" data-element_type=\"column\">\n\t\t\t<div class=\"elementor-column-wrap elementor-element-populated\">\n\t\t\t\t\t\t\t<div class=\"elementor-widget-wrap\">\n\t\t\t\t\t\t<div class=\"elementor-element elementor-element-14b1477 elementor-widget elementor-widget-heading\" data-id=\"14b1477\" data-element_type=\"widget\" data-widget_type=\"heading.default\">\n\t\t\t\t<div class=\"elementor-widget-container\">\n\t\t\t<h1 class=\"elementor-heading-title elementor-size-default\">NOTRE HISTOIRE<\/h1>\t\t<\/div>\n\t\t\t\t<\/div>\n\t\t\t\t<div class=\"elementor-element elementor-element-a65c335 elementor-widget elementor-widget-heading\" data-id=\"a65c335\" data-element_type=\"widget\" data-widget_type=\"heading.default\">\n\t\t\t\t<div class=\"elementor-widget-container\">\n\t\t\t<h2 class=\"elementor-heading-title elementor-size-default\">COLLECTION HORLOGERE DEPUIS 1978<\/h2>\t\t<\/div>\n\t\t\t\t<\/div>\n\t\t\t\t<div class=\"elementor-element elementor-element-9c41dd6 elementor-align-center elementor-mobile-align-center elementor-widget elementor-widget-button\" data-id=\"9c41dd6\" data-element_type=\"widget\" data-widget_type=\"button.default\">\n\t\t\t\t<div class=\"elementor-widget-container\">\n\t\t\t\t\t<div class=\"elementor-button-wrapper\">\n\t\t\t<a href=\"https:\/\/swisstreasures.ch\/index.php\/notre-collection\/\" class=\"elementor-button-link elementor-button elementor-size-sm\" role=\"button\">\n\t\t\t\t\t\t<span class=\"elementor-button-content-wrapper\">\n\t\t\t\t\t\t<span class=\"elementor-button-text\">NOTRE COLLECTION<\/span>\n\t\t<\/span>\n\t\t\t\t\t<\/a>\n\t\t<\/div>\n\t\t\t\t<\/div>\n\t\t\t\t<\/div>\n\t\t\t\t\t\t<\/div>\n\t\t\t\t\t<\/div>\n\t\t<\/div>\n\t\t\t\t\t\t\t\t<\/div>\n\t\t\t\t\t<\/div>\n\t\t<\/section>\n\t\t\t\t<section class=\"elementor-section elementor-top-section elementor-element elementor-element-f160cfe elementor-section-boxed elementor-section-height-default elementor-section-height-default\" data-id=\"f160cfe\" data-element_type=\"section\" data-settings=\"{&quot;_ha_eqh_enable&quot;:false}\">\n\t\t\t\t\t\t<div class=\"elementor-container elementor-column-gap-default\">\n\t\t\t\t\t\t\t<div class=\"elementor-row\">\n\t\t\t\t\t<div class=\"elementor-column elementor-col-100 elementor-top-column elementor-element elementor-element-2ed83d1\" data-id=\"2ed83d1\" data-element_type=\"column\">\n\t\t\t<div class=\"elementor-column-wrap elementor-element-populated\">\n\t\t\t\t\t\t\t<div class=\"elementor-widget-wrap\">\n\t\t\t\t\t\t<div class=\"elementor-element elementor-element-c7e39e6 elementor-widget elementor-widget-heading\" data-id=\"c7e39e6\" data-element_type=\"widget\" data-widget_type=\"heading.default\">\n\t\t\t\t<div class=\"elementor-widget-container\">\n\t\t\t<h2 class=\"elementor-heading-title elementor-size-default\">\u00c0 PROPOS DE SWISSTREASURES<\/h2>\t\t<\/div>\n\t\t\t\t<\/div>\n\t\t\t\t<div class=\"elementor-element elementor-element-58148b5 elementor-widget elementor-widget-heading\" data-id=\"58148b5\" data-element_type=\"widget\" data-widget_type=\"heading.default\">\n\t\t\t\t<div class=\"elementor-widget-container\">\n\t\t\t<h2 class=\"elementor-heading-title elementor-size-default\">UNE HISTOIRE HORLOG\u00c8RE<\/h2>\t\t<\/div>\n\t\t\t\t<\/div>\n\t\t\t\t<div class=\"elementor-element elementor-element-5194481 elementor-widget elementor-widget-text-editor\" data-id=\"5194481\" data-element_type=\"widget\" data-widget_type=\"text-editor.default\">\n\t\t\t\t<div class=\"elementor-widget-container\">\n\t\t\t\t\t\t\t\t<div class=\"elementor-text-editor elementor-clearfix\">\n\t\t\t\t<div><div><strong>Les pr\u00e9mices de ma passion<\/strong>\u00a0<em>pour l\u2019horlogerie ont commenc\u00e9 avec mon arri\u00e8re grand-p\u00e8re<\/em>\u00a0<strong>dont l\u2019h\u00e9ritage s\u2019est transmis de g\u00e9n\u00e9ration en g\u00e9n\u00e9ration.<\/strong><\/div><div>\u00a0<\/div><div><strong>La personne la plus influente a \u00e9t\u00e9 sans conteste mon p\u00e8re<\/strong>\u00a0q<em>ui m\u2019a d\u00e9voil\u00e9 tout l\u2019univers des plus belles pi\u00e8ces horlog\u00e8res,<\/em>\u00a0<strong>il \u00e9tait extr\u00eamement sensible \u00e0 la technique et\u00a0avait une profonde admiration pour les grandes complications.\u00a0<\/strong><\/div><\/div><div>\u00a0<\/div><div>Je ne me lasserai jamais de\u00a0<strong>partager ma passion et faire profiter mon expertise<\/strong>\u00a0<em>aux amateurs ou connaisseurs aguerris pour l\u2019acquisition<\/em>\u00a0<strong>d\u2019une pi\u00e8ce horlog\u00e8re.\u00a0<\/strong><\/div>\t\t\t\t\t<\/div>\n\t\t\t\t\t\t<\/div>\n\t\t\t\t<\/div>\n\t\t\t\t\t\t<\/div>\n\t\t\t\t\t<\/div>\n\t\t<\/div>\n\t\t\t\t\t\t\t\t<\/div>\n\t\t\t\t\t<\/div>\n\t\t<\/section>\n\t\t\t\t<section class=\"elementor-section elementor-top-section elementor-element elementor-element-fe698fa elementor-section-height-min-height elementor-section-boxed elementor-section-height-default elementor-section-items-middle\" data-id=\"fe698fa\" data-element_type=\"section\" data-settings=\"{&quot;background_background&quot;:&quot;classic&quot;,&quot;_ha_eqh_enable&quot;:false}\">\n\t\t\t\t\t\t\t<div class=\"elementor-background-overlay\"><\/div>\n\t\t\t\t\t\t\t<div class=\"elementor-container elementor-column-gap-default\">\n\t\t\t\t\t\t\t<div class=\"elementor-row\">\n\t\t\t\t\t<div class=\"elementor-column elementor-col-100 elementor-top-column elementor-element elementor-element-e88ee99\" data-id=\"e88ee99\" data-element_type=\"column\">\n\t\t\t<div class=\"elementor-column-wrap elementor-element-populated\">\n\t\t\t\t\t\t\t<div class=\"elementor-widget-wrap\">\n\t\t\t\t\t\t<div class=\"elementor-element elementor-element-67802db elementor-widget elementor-widget-heading\" data-id=\"67802db\" data-element_type=\"widget\" data-widget_type=\"heading.default\">\n\t\t\t\t<div class=\"elementor-widget-container\">\n\t\t\t<h2 class=\"elementor-heading-title elementor-size-default\">UNE MA\u00ceTRISE SANS PAREIL<\/h2>\t\t<\/div>\n\t\t\t\t<\/div>\n\t\t\t\t<div class=\"elementor-element elementor-element-360734e elementor-widget elementor-widget-text-editor\" data-id=\"360734e\" data-element_type=\"widget\" data-widget_type=\"text-editor.default\">\n\t\t\t\t<div class=\"elementor-widget-container\">\n\t\t\t\t\t\t\t\t<div class=\"elementor-text-editor elementor-clearfix\">\n\t\t\t\t<p>Depuis sa fondation ,\u00a0<strong>SWISSTREASURES SA<\/strong> est devenu le revendeur de montres neuves et d\u2019occasion avec <strong>les meilleurs avis clients.<\/strong><\/p><p>Avec un nombre consid\u00e9rable de pi\u00e8ces disponibles\u00a0<strong>parmi les marques les plus convoit\u00e9es dont Rolex, Patek Philippe, Audemars Piguet, Richard Mille, Omega<\/strong>\u00a0il n\u2019existe pas de meilleur endroit pour trouver votre prochaine montre de luxe.<\/p>\t\t\t\t\t<\/div>\n\t\t\t\t\t\t<\/div>\n\t\t\t\t<\/div>\n\t\t\t\t\t\t<\/div>\n\t\t\t\t\t<\/div>\n\t\t<\/div>\n\t\t\t\t\t\t\t\t<\/div>\n\t\t\t\t\t<\/div>\n\t\t<\/section>\n\t\t\t\t<section class=\"elementor-section elementor-top-section elementor-element elementor-element-2fdf922 elementor-section-boxed elementor-section-height-default elementor-section-height-default\" data-id=\"2fdf922\" data-element_type=\"section\" data-settings=\"{&quot;_ha_eqh_enable&quot;:false}\">\n\t\t\t\t\t\t<div class=\"elementor-container elementor-column-gap-default\">\n\t\t\t\t\t\t\t<div class=\"elementor-row\">\n\t\t\t\t\t<div class=\"elementor-column elementor-col-100 elementor-top-column elementor-element elementor-element-376cc81\" data-id=\"376cc81\" data-element_type=\"column\">\n\t\t\t<div class=\"elementor-column-wrap elementor-element-populated\">\n\t\t\t\t\t\t\t<div class=\"elementor-widget-wrap\">\n\t\t\t\t\t\t<div class=\"elementor-element elementor-element-890d914 elementor-widget elementor-widget-heading\" data-id=\"890d914\" data-element_type=\"widget\" data-widget_type=\"heading.default\">\n\t\t\t\t<div class=\"elementor-widget-container\">\n\t\t\t<h2 class=\"elementor-heading-title elementor-size-default\">PRENDRE RENDEZ-VOUS<\/h2>\t\t<\/div>\n\t\t\t\t<\/div>\n\t\t\t\t<div class=\"elementor-element elementor-element-db7a4a9 elementor-button-align-stretch elementor-widget elementor-widget-form\" data-id=\"db7a4a9\" data-element_type=\"widget\" data-settings=\"{&quot;step_next_label&quot;:&quot;Next&quot;,&quot;step_previous_label&quot;:&quot;Previous&quot;,&quot;button_width&quot;:&quot;100&quot;,&quot;step_type&quot;:&quot;number_text&quot;,&quot;step_icon_shape&quot;:&quot;circle&quot;}\" data-widget_type=\"form.default\">\n\t\t\t\t<div class=\"elementor-widget-container\">\n\t\t\t\t\t<form class=\"elementor-form\" method=\"post\" name=\"New Form\">\n\t\t\t<input type=\"hidden\" name=\"post_id\" value=\"166\"\/>\n\t\t\t<input type=\"hidden\" name=\"form_id\" value=\"db7a4a9\"\/>\n\t\t\t<input type=\"hidden\" name=\"referer_title\" value=\"SWISSTREASURES \u2013 Acheter et vendre des montres \u00e0 Gen\u00e8ve\" \/>\n\n\t\t\t\n\t\t\t<div class=\"elementor-form-fields-wrapper elementor-labels-above\">\n\t\t\t\t\t\t\t\t<div class=\"elementor-field-type-text elementor-field-group elementor-column elementor-field-group-name elementor-col-100\">\n\t\t\t\t\t\t\t\t\t\t\t\t<label for=\"form-field-name\" class=\"elementor-field-label\">\n\t\t\t\t\t\t\t\tNOM :\t\t\t\t\t\t\t<\/label>\n\t\t\t\t\t\t\t\t\t\t\t\t\t\t<input size=\"1\" type=\"text\" name=\"form_fields[name]\" id=\"form-field-name\" class=\"elementor-field elementor-size-sm  elementor-field-textual\">\n\t\t\t\t\t\t\t\t\t\t\t<\/div>\n\t\t\t\t\t\t\t\t<div class=\"elementor-field-type-email elementor-field-group elementor-column elementor-field-group-email elementor-col-100 elementor-field-required\">\n\t\t\t\t\t\t\t\t\t\t\t\t<label for=\"form-field-email\" class=\"elementor-field-label\">\n\t\t\t\t\t\t\t\tEMAIL :\t\t\t\t\t\t\t<\/label>\n\t\t\t\t\t\t\t\t\t\t\t\t\t\t<input size=\"1\" type=\"email\" name=\"form_fields[email]\" id=\"form-field-email\" class=\"elementor-field elementor-size-sm  elementor-field-textual\" required=\"required\" aria-required=\"true\">\n\t\t\t\t\t\t\t\t\t\t\t<\/div>\n\t\t\t\t\t\t\t\t<div class=\"elementor-field-type-text elementor-field-group elementor-column elementor-field-group-field_d21c29b elementor-col-100\">\n\t\t\t\t\t\t\t\t\t\t\t\t<label for=\"form-field-field_d21c29b\" class=\"elementor-field-label\">\n\t\t\t\t\t\t\t\tTEL :\t\t\t\t\t\t\t<\/label>\n\t\t\t\t\t\t\t\t\t\t\t\t\t\t<input size=\"1\" type=\"text\" name=\"form_fields[field_d21c29b]\" id=\"form-field-field_d21c29b\" class=\"elementor-field elementor-size-sm  elementor-field-textual\">\n\t\t\t\t\t\t\t\t\t\t\t<\/div>\n\t\t\t\t\t\t\t\t<div class=\"elementor-field-type-textarea elementor-field-group elementor-column elementor-field-group-message elementor-col-100\">\n\t\t\t\t\t\t\t\t\t\t\t\t<label for=\"form-field-message\" class=\"elementor-field-label\">\n\t\t\t\t\t\t\t\tMESSAGE :\t\t\t\t\t\t\t<\/label>\n\t\t\t\t\t\t<textarea class=\"elementor-field-textual elementor-field  elementor-size-sm\" name=\"form_fields[message]\" id=\"form-field-message\" rows=\"4\"><\/textarea>\t\t\t\t<\/div>\n\t\t\t\t\t\t\t\t<div class=\"elementor-field-type-recaptcha elementor-field-group elementor-column elementor-field-group-field_6cd8c96 elementor-col-100\">\n\t\t\t\t\t<div class=\"elementor-field\" id=\"form-field-field_6cd8c96\"><div class=\"elementor-g-recaptcha\" data-sitekey=\"6LeT9egfAAAAAIB-275-XvhOyrR9HUzRBja4wYzw\" data-type=\"v2_checkbox\" data-theme=\"light\" data-size=\"normal\"><\/div><\/div>\t\t\t\t<\/div>\n\t\t\t\t\t\t\t\t<div class=\"elementor-field-group elementor-column elementor-field-type-submit elementor-col-100 e-form__buttons\">\n\t\t\t\t\t<button type=\"submit\" class=\"elementor-button elementor-size-sm\">\n\t\t\t\t\t\t<span >\n\t\t\t\t\t\t\t\t\t\t\t\t\t\t\t<span class=\" elementor-button-icon\">\n\t\t\t\t\t\t\t\t\t\t\t\t\t\t\t\t\t\t\t\t\t\t\t\t\t\t<\/span>\n\t\t\t\t\t\t\t\t\t\t\t\t\t\t\t\t\t\t\t\t\t\t<span class=\"elementor-button-text\">SOUMETTRE<\/span>\n\t\t\t\t\t\t\t\t\t\t\t\t\t<\/span>\n\t\t\t\t\t<\/button>\n\t\t\t\t<\/div>\n\t\t\t<\/div>\n\t\t<\/form>\n\t\t\t\t<\/div>\n\t\t\t\t<\/div>\n\t\t\t\t\t\t<\/div>\n\t\t\t\t\t<\/div>\n\t\t<\/div>\n\t\t\t\t\t\t\t\t<\/div>\n\t\t\t\t\t<\/div>\n\t\t<\/section>\n\t\t\t\t\t\t\t\t\t<\/div>\n\t\t\t<\/div>\n\t\t\t\t\t<\/div>\n\t\t","protected":false},"excerpt":{"rendered":"<p>NOTRE HISTOIRE COLLECTION HORLOGERE DEPUIS 1978 NOTRE COLLECTION \u00c0 PROPOS DE SWISSTREASURES UNE HISTOIRE HORLOG\u00c8RE Les pr\u00e9mices de ma passion\u00a0pour l\u2019horlogerie ont commenc\u00e9 avec mon arri\u00e8re grand-p\u00e8re\u00a0dont l\u2019h\u00e9ritage s\u2019est transmis de g\u00e9n\u00e9ration en g\u00e9n\u00e9ration.\u00a0La personne la plus influente a \u00e9t\u00e9 sans conteste mon p\u00e8re\u00a0qui m\u2019a d\u00e9voil\u00e9 tout l\u2019univers des plus belles pi\u00e8ces horlog\u00e8res,\u00a0il \u00e9tait extr\u00eamement [&hellip;]<\/p>\n","protected":false},"author":1,"featured_media":0,"parent":0,"menu_order":0,"comment_status":"closed","ping_status":"closed","template":"elementor_header_footer","meta":{"_joinchat":[]},"yoast_head":"<!-- This site is optimized with the Yoast SEO plugin v20.8 - https:\/\/yoast.com\/wordpress\/plugins\/seo\/ -->\n<title>NOTRE HISTOIRE - SWISSTREASURES \u2013 Acheter et vendre des montres \u00e0 Gen\u00e8ve<\/title>\n<meta name=\"description\" content=\"Depuis sa fondation , SWISSTREASURES SA est devenu le revendeur de montres d&#039;occasion avec les meilleurs avis clients \u00e0 Gen\u00e8ve.\" \/>\n<meta name=\"robots\" content=\"index, follow, max-snippet:-1, max-image-preview:large, max-video-preview:-1\" \/>\n<link rel=\"canonical\" href=\"https:\/\/swisstreasures.ch\/index.php\/notre-histoire\/\" \/>\n<meta property=\"og:locale\" content=\"en_US\" \/>\n<meta property=\"og:type\" content=\"article\" \/>\n<meta property=\"og:title\" content=\"NOTRE HISTOIRE - SWISSTREASURES \u2013 Acheter et vendre des montres \u00e0 Gen\u00e8ve\" \/>\n<meta property=\"og:description\" content=\"Depuis sa fondation , SWISSTREASURES SA est devenu le revendeur de montres d&#039;occasion avec les meilleurs avis clients \u00e0 Gen\u00e8ve.\" \/>\n<meta property=\"og:url\" content=\"https:\/\/swisstreasures.ch\/index.php\/notre-histoire\/\" \/>\n<meta property=\"og:site_name\" content=\"SWISSTREASURES \u2013 Acheter et vendre des montres \u00e0 Gen\u00e8ve\" \/>\n<meta property=\"article:modified_time\" content=\"2023-02-07T15:31:45+00:00\" \/>\n<meta name=\"twitter:card\" content=\"summary_large_image\" \/>\n<meta name=\"twitter:label1\" content=\"Est. reading time\" \/>\n\t<meta name=\"twitter:data1\" content=\"1 minute\" \/>\n<script type=\"application\/ld+json\" class=\"yoast-schema-graph\">{\"@context\":\"https:\/\/schema.org\",\"@graph\":[{\"@type\":\"WebPage\",\"@id\":\"https:\/\/swisstreasures.ch\/index.php\/notre-histoire\/\",\"url\":\"https:\/\/swisstreasures.ch\/index.php\/notre-histoire\/\",\"name\":\"NOTRE HISTOIRE - SWISSTREASURES \u2013 Acheter et vendre des montres \u00e0 Gen\u00e8ve\",\"isPartOf\":{\"@id\":\"https:\/\/swisstreasures.ch\/#website\"},\"datePublished\":\"2021-02-11T19:12:11+00:00\",\"dateModified\":\"2023-02-07T15:31:45+00:00\",\"description\":\"Depuis sa fondation , SWISSTREASURES SA est devenu le revendeur de montres d'occasion avec les meilleurs avis clients \u00e0 Gen\u00e8ve.\",\"breadcrumb\":{\"@id\":\"https:\/\/swisstreasures.ch\/index.php\/notre-histoire\/#breadcrumb\"},\"inLanguage\":\"en-US\",\"potentialAction\":[{\"@type\":\"ReadAction\",\"target\":[\"https:\/\/swisstreasures.ch\/index.php\/notre-histoire\/\"]}]},{\"@type\":\"BreadcrumbList\",\"@id\":\"https:\/\/swisstreasures.ch\/index.php\/notre-histoire\/#breadcrumb\",\"itemListElement\":[{\"@type\":\"ListItem\",\"position\":1,\"name\":\"Home\",\"item\":\"https:\/\/swisstreasures.ch\/\"},{\"@type\":\"ListItem\",\"position\":2,\"name\":\"NOTRE HISTOIRE\"}]},{\"@type\":\"WebSite\",\"@id\":\"https:\/\/swisstreasures.ch\/#website\",\"url\":\"https:\/\/swisstreasures.ch\/\",\"name\":\"SWISSTREASURES \u2013 Acheter et vendre des montres \u00e0 Gen\u00e8ve\",\"description\":\"\",\"publisher\":{\"@id\":\"https:\/\/swisstreasures.ch\/#organization\"},\"potentialAction\":[{\"@type\":\"SearchAction\",\"target\":{\"@type\":\"EntryPoint\",\"urlTemplate\":\"https:\/\/swisstreasures.ch\/?s={search_term_string}\"},\"query-input\":\"required name=search_term_string\"}],\"inLanguage\":\"en-US\"},{\"@type\":\"Organization\",\"@id\":\"https:\/\/swisstreasures.ch\/#organization\",\"name\":\"SWISSTREASURES \u2013 Acheter et vendre des montres \u00e0 Gen\u00e8ve\",\"url\":\"https:\/\/swisstreasures.ch\/\",\"logo\":{\"@type\":\"ImageObject\",\"inLanguage\":\"en-US\",\"@id\":\"https:\/\/swisstreasures.ch\/#\/schema\/logo\/image\/\",\"url\":\"https:\/\/swisstreasures.ch\/wp-content\/uploads\/2021\/02\/LOGOSITEIDENTITY-1.png\",\"contentUrl\":\"https:\/\/swisstreasures.ch\/wp-content\/uploads\/2021\/02\/LOGOSITEIDENTITY-1.png\",\"width\":974,\"height\":133,\"caption\":\"SWISSTREASURES \u2013 Acheter et vendre des montres \u00e0 Gen\u00e8ve\"},\"image\":{\"@id\":\"https:\/\/swisstreasures.ch\/#\/schema\/logo\/image\/\"}}]}<\/script>\n<!-- \/ Yoast SEO plugin. -->","yoast_head_json":{"title":"NOTRE HISTOIRE - SWISSTREASURES \u2013 Acheter et vendre des montres \u00e0 Gen\u00e8ve","description":"Depuis sa fondation , SWISSTREASURES SA est devenu le revendeur de montres d'occasion avec les meilleurs avis clients \u00e0 Gen\u00e8ve.","robots":{"index":"index","follow":"follow","max-snippet":"max-snippet:-1","max-image-preview":"max-image-preview:large","max-video-preview":"max-video-preview:-1"},"canonical":"https:\/\/swisstreasures.ch\/index.php\/notre-histoire\/","og_locale":"en_US","og_type":"article","og_title":"NOTRE HISTOIRE - SWISSTREASURES \u2013 Acheter et vendre des montres \u00e0 Gen\u00e8ve","og_description":"Depuis sa fondation , SWISSTREASURES SA est devenu le revendeur de montres d'occasion avec les meilleurs avis clients \u00e0 Gen\u00e8ve.","og_url":"https:\/\/swisstreasures.ch\/index.php\/notre-histoire\/","og_site_name":"SWISSTREASURES \u2013 Acheter et vendre des montres \u00e0 Gen\u00e8ve","article_modified_time":"2023-02-07T15:31:45+00:00","twitter_card":"summary_large_image","twitter_misc":{"Est. reading time":"1 minute"},"schema":{"@context":"https:\/\/schema.org","@graph":[{"@type":"WebPage","@id":"https:\/\/swisstreasures.ch\/index.php\/notre-histoire\/","url":"https:\/\/swisstreasures.ch\/index.php\/notre-histoire\/","name":"NOTRE HISTOIRE - SWISSTREASURES \u2013 Acheter et vendre des montres \u00e0 Gen\u00e8ve","isPartOf":{"@id":"https:\/\/swisstreasures.ch\/#website"},"datePublished":"2021-02-11T19:12:11+00:00","dateModified":"2023-02-07T15:31:45+00:00","description":"Depuis sa fondation , SWISSTREASURES SA est devenu le revendeur de montres d'occasion avec les meilleurs avis clients \u00e0 Gen\u00e8ve.","breadcrumb":{"@id":"https:\/\/swisstreasures.ch\/index.php\/notre-histoire\/#breadcrumb"},"inLanguage":"en-US","potentialAction":[{"@type":"ReadAction","target":["https:\/\/swisstreasures.ch\/index.php\/notre-histoire\/"]}]},{"@type":"BreadcrumbList","@id":"https:\/\/swisstreasures.ch\/index.php\/notre-histoire\/#breadcrumb","itemListElement":[{"@type":"ListItem","position":1,"name":"Home","item":"https:\/\/swisstreasures.ch\/"},{"@type":"ListItem","position":2,"name":"NOTRE HISTOIRE"}]},{"@type":"WebSite","@id":"https:\/\/swisstreasures.ch\/#website","url":"https:\/\/swisstreasures.ch\/","name":"SWISSTREASURES \u2013 Acheter et vendre des montres \u00e0 Gen\u00e8ve","description":"","publisher":{"@id":"https:\/\/swisstreasures.ch\/#organization"},"potentialAction":[{"@type":"SearchAction","target":{"@type":"EntryPoint","urlTemplate":"https:\/\/swisstreasures.ch\/?s={search_term_string}"},"query-input":"required name=search_term_string"}],"inLanguage":"en-US"},{"@type":"Organization","@id":"https:\/\/swisstreasures.ch\/#organization","name":"SWISSTREASURES \u2013 Acheter et vendre des montres \u00e0 Gen\u00e8ve","url":"https:\/\/swisstreasures.ch\/","logo":{"@type":"ImageObject","inLanguage":"en-US","@id":"https:\/\/swisstreasures.ch\/#\/schema\/logo\/image\/","url":"https:\/\/swisstreasures.ch\/wp-content\/uploads\/2021\/02\/LOGOSITEIDENTITY-1.png","contentUrl":"https:\/\/swisstreasures.ch\/wp-content\/uploads\/2021\/02\/LOGOSITEIDENTITY-1.png","width":974,"height":133,"caption":"SWISSTREASURES \u2013 Acheter et vendre des montres \u00e0 Gen\u00e8ve"},"image":{"@id":"https:\/\/swisstreasures.ch\/#\/schema\/logo\/image\/"}}]}},"_links":{"self":[{"href":"https:\/\/swisstreasures.ch\/index.php\/wp-json\/wp\/v2\/pages\/166"}],"collection":[{"href":"https:\/\/swisstreasures.ch\/index.php\/wp-json\/wp\/v2\/pages"}],"about":[{"href":"https:\/\/swisstreasures.ch\/index.php\/wp-json\/wp\/v2\/types\/page"}],"author":[{"embeddable":true,"href":"https:\/\/swisstreasures.ch\/index.php\/wp-json\/wp\/v2\/users\/1"}],"replies":[{"embeddable":true,"href":"https:\/\/swisstreasures.ch\/index.php\/wp-json\/wp\/v2\/comments?post=166"}],"version-history":[{"count":3,"href":"https:\/\/swisstreasures.ch\/index.php\/wp-json\/wp\/v2\/pages\/166\/revisions"}],"predecessor-version":[{"id":1852,"href":"https:\/\/swisstreasures.ch\/index.php\/wp-json\/wp\/v2\/pages\/166\/revisions\/1852"}],"wp:attachment":[{"href":"https:\/\/swisstreasures.ch\/index.php\/wp-json\/wp\/v2\/media?parent=166"}],"curies":[{"name":"wp","href":"https:\/\/api.w.org\/{rel}","templated":true}]}}