{"id":1831,"date":"2023-02-06T12:05:33","date_gmt":"2023-02-06T12:05:33","guid":{"rendered":"https:\/\/swisstreasures.ch\/?page_id=1831"},"modified":"2025-06-20T11:10:50","modified_gmt":"2025-06-20T11:10:50","slug":"other-brand","status":"publish","type":"page","link":"https:\/\/swisstreasures.ch\/index.php\/other-brand\/","title":{"rendered":"COLLECTION OTHER BRANDS"},"content":{"rendered":"\t\t<div data-elementor-type=\"wp-page\" data-elementor-id=\"1831\" class=\"elementor elementor-1831\">\n\t\t\t\t\t\t<div class=\"elementor-inner\">\n\t\t\t\t<div class=\"elementor-section-wrap\">\n\t\t\t\t\t\t\t\t\t<section class=\"elementor-section elementor-top-section elementor-element elementor-element-61493f1 elementor-section-full_width elementor-section-height-min-height elementor-section-height-default elementor-section-items-middle\" data-id=\"61493f1\" data-element_type=\"section\" data-settings=\"{&quot;background_background&quot;:&quot;classic&quot;,&quot;_ha_eqh_enable&quot;:false}\">\n\t\t\t\t\t\t\t<div class=\"elementor-background-overlay\"><\/div>\n\t\t\t\t\t\t\t<div class=\"elementor-container elementor-column-gap-default\">\n\t\t\t\t\t\t\t<div class=\"elementor-row\">\n\t\t\t\t\t<div class=\"elementor-column elementor-col-100 elementor-top-column elementor-element elementor-element-b0c62c9\" data-id=\"b0c62c9\" data-element_type=\"column\">\n\t\t\t<div class=\"elementor-column-wrap elementor-element-populated\">\n\t\t\t\t\t\t\t<div class=\"elementor-widget-wrap\">\n\t\t\t\t\t\t<div class=\"elementor-element elementor-element-69fb8b7 elementor-widget elementor-widget-heading\" data-id=\"69fb8b7\" data-element_type=\"widget\" data-widget_type=\"heading.default\">\n\t\t\t\t<div class=\"elementor-widget-container\">\n\t\t\t<h2 class=\"elementor-heading-title elementor-size-default\">NOTRE COLLECTION<\/h2>\t\t<\/div>\n\t\t\t\t<\/div>\n\t\t\t\t<div class=\"elementor-element elementor-element-dd59820 elementor-widget elementor-widget-heading\" data-id=\"dd59820\" data-element_type=\"widget\" data-widget_type=\"heading.default\">\n\t\t\t\t<div class=\"elementor-widget-container\">\n\t\t\t<h2 class=\"elementor-heading-title elementor-size-default\">OTHER BRAND<\/h2>\t\t<\/div>\n\t\t\t\t<\/div>\n\t\t\t\t<div class=\"elementor-element elementor-element-6e76ddb elementor-widget elementor-widget-heading\" data-id=\"6e76ddb\" data-element_type=\"widget\" data-widget_type=\"heading.default\">\n\t\t\t\t<div class=\"elementor-widget-container\">\n\t\t\t<h2 class=\"elementor-heading-title elementor-size-default\">VIEW MORE<\/h2>\t\t<\/div>\n\t\t\t\t<\/div>\n\t\t\t\t\t\t<\/div>\n\t\t\t\t\t<\/div>\n\t\t<\/div>\n\t\t\t\t\t\t\t\t<\/div>\n\t\t\t\t\t<\/div>\n\t\t<\/section>\n\t\t\t\t<section class=\"elementor-section elementor-top-section elementor-element elementor-element-1214942 elementor-section-boxed elementor-section-height-default elementor-section-height-default\" data-id=\"1214942\" data-element_type=\"section\" data-settings=\"{&quot;_ha_eqh_enable&quot;:false}\">\n\t\t\t\t\t\t<div class=\"elementor-container elementor-column-gap-default\">\n\t\t\t\t\t\t\t<div class=\"elementor-row\">\n\t\t\t\t\t<div class=\"elementor-column elementor-col-100 elementor-top-column elementor-element elementor-element-5da158b\" data-id=\"5da158b\" data-element_type=\"column\">\n\t\t\t<div class=\"elementor-column-wrap elementor-element-populated\">\n\t\t\t\t\t\t\t<div class=\"elementor-widget-wrap\">\n\t\t\t\t\t\t<div class=\"elementor-element elementor-element-87341cc elementor-grid-mobile-1 elementor-product-loop-item--align-center elementor-grid-4 elementor-grid-tablet-3 elementor-products-grid elementor-wc-products elementor-widget elementor-widget-woocommerce-products\" data-id=\"87341cc\" data-element_type=\"widget\" data-widget_type=\"woocommerce-products.default\">\n\t\t\t\t<div class=\"elementor-widget-container\">\n\t\t\t<div class=\"woocommerce columns-4 \"><ul class=\"products elementor-grid columns-4\">\n<li class=\"product type-product post-2924 status-publish first instock product_cat-other-brand-2 has-post-thumbnail shipping-taxable purchasable product-type-simple\">\n\t<\/li>\n<li class=\"product type-product post-3809 status-publish instock product_cat-other-brand-2 has-post-thumbnail shipping-taxable purchasable product-type-simple\">\n\t<\/li>\n<li class=\"product type-product post-3812 status-publish instock product_cat-other-brand-2 has-post-thumbnail shipping-taxable purchasable product-type-simple\">\n\t<\/li>\n<\/ul>\n<\/div>\t\t<\/div>\n\t\t\t\t<\/div>\n\t\t\t\t\t\t<\/div>\n\t\t\t\t\t<\/div>\n\t\t<\/div>\n\t\t\t\t\t\t\t\t<\/div>\n\t\t\t\t\t<\/div>\n\t\t<\/section>\n\t\t\t\t<section class=\"elementor-section elementor-top-section elementor-element elementor-element-b57e206 elementor-section-boxed elementor-section-height-default elementor-section-height-default\" data-id=\"b57e206\" data-element_type=\"section\" data-settings=\"{&quot;_ha_eqh_enable&quot;:false}\">\n\t\t\t\t\t\t<div class=\"elementor-container elementor-column-gap-default\">\n\t\t\t\t\t\t\t<div class=\"elementor-row\">\n\t\t\t\t\t<div class=\"elementor-column elementor-col-100 elementor-top-column elementor-element elementor-element-bdd91b8\" data-id=\"bdd91b8\" data-element_type=\"column\">\n\t\t\t<div class=\"elementor-column-wrap elementor-element-populated\">\n\t\t\t\t\t\t\t<div class=\"elementor-widget-wrap\">\n\t\t\t\t\t\t<div class=\"elementor-element elementor-element-8c78000 elementor-widget elementor-widget-heading\" data-id=\"8c78000\" data-element_type=\"widget\" data-widget_type=\"heading.default\">\n\t\t\t\t<div class=\"elementor-widget-container\">\n\t\t\t<h3 class=\"elementor-heading-title elementor-size-default\">Acheter sa montre de luxe avec SWISSTREASURES SA<\/h3>\t\t<\/div>\n\t\t\t\t<\/div>\n\t\t\t\t<div class=\"elementor-element elementor-element-c485e26 elementor-widget elementor-widget-text-editor\" data-id=\"c485e26\" data-element_type=\"widget\" data-widget_type=\"text-editor.default\">\n\t\t\t\t<div class=\"elementor-widget-container\">\n\t\t\t\t\t\t\t\t<div class=\"elementor-text-editor elementor-clearfix\">\n\t\t\t\t<p>Chez SWISSTREASURES SA, nous avons une grande exp\u00e9rience dans la vente de <strong>montres neuves et d\u2019occasion de qualit\u00e9 sup\u00e9rieure \u00e0 Gen\u00e8ve<\/strong>.<\/p><p>Nous vous garantissons des montres en excellent \u00e9tat, revues par des horlogers professionnels, pour assurer le bon fonctionnement de votre montre.<\/p><p>De plus, notre s\u00e9lection de <strong>montres de luxe pour homme neuves et d\u2019occasion \u00e0 Gen\u00e9ve<\/strong>\u00a0est r\u00e9guli\u00e8rement mise \u00e0 jour pour vous offrir les derni\u00e8res tendances et les meilleures offres.<\/p>\t\t\t\t\t<\/div>\n\t\t\t\t\t\t<\/div>\n\t\t\t\t<\/div>\n\t\t\t\t\t\t<\/div>\n\t\t\t\t\t<\/div>\n\t\t<\/div>\n\t\t\t\t\t\t\t\t<\/div>\n\t\t\t\t\t<\/div>\n\t\t<\/section>\n\t\t\t\t\t\t\t\t\t<\/div>\n\t\t\t<\/div>\n\t\t\t\t\t<\/div>\n\t\t","protected":false},"excerpt":{"rendered":"<p>NOTRE COLLECTION OTHER BRAND VIEW MORE Acheter sa montre de luxe avec SWISSTREASURES SA Chez SWISSTREASURES SA, nous avons une grande exp\u00e9rience dans la vente de montres neuves et d\u2019occasion de qualit\u00e9 sup\u00e9rieure \u00e0 Gen\u00e8ve. Nous vous garantissons des montres en excellent \u00e9tat, revues par des horlogers professionnels, pour assurer le bon fonctionnement de votre [&hellip;]<\/p>\n","protected":false},"author":1,"featured_media":0,"parent":0,"menu_order":0,"comment_status":"closed","ping_status":"closed","template":"elementor_header_footer","meta":{"_joinchat":[]},"yoast_head":"<!-- This site is optimized with the Yoast SEO plugin v20.8 - https:\/\/yoast.com\/wordpress\/plugins\/seo\/ -->\n<title>COLLECTION OTHER BRANDS - SWISSTREASURES SA<\/title>\n<meta name=\"description\" content=\"Notre collection &quot;OTHER BRAND&quot;, achat et vente de mod\u00e8les de Maison COLLECTOR par Swisstreasures SA.\" \/>\n<meta name=\"robots\" content=\"index, follow, max-snippet:-1, max-image-preview:large, max-video-preview:-1\" \/>\n<link rel=\"canonical\" href=\"https:\/\/swisstreasures.ch\/index.php\/other-brand\/\" \/>\n<meta property=\"og:locale\" content=\"en_US\" \/>\n<meta property=\"og:type\" content=\"article\" \/>\n<meta property=\"og:title\" content=\"COLLECTION OTHER BRANDS - SWISSTREASURES SA\" \/>\n<meta property=\"og:description\" content=\"Notre collection &quot;OTHER BRAND&quot;, achat et vente de mod\u00e8les de Maison COLLECTOR par Swisstreasures SA.\" \/>\n<meta property=\"og:url\" content=\"https:\/\/swisstreasures.ch\/index.php\/other-brand\/\" \/>\n<meta property=\"og:site_name\" content=\"SWISSTREASURES \u2013 Acheter et vendre des montres \u00e0 Gen\u00e8ve\" \/>\n<meta property=\"article:modified_time\" content=\"2025-06-20T11:10:50+00:00\" \/>\n<meta name=\"twitter:card\" content=\"summary_large_image\" \/>\n<meta name=\"twitter:label1\" content=\"Est. reading time\" \/>\n\t<meta name=\"twitter:data1\" content=\"2 minutes\" \/>\n<script type=\"application\/ld+json\" class=\"yoast-schema-graph\">{\"@context\":\"https:\/\/schema.org\",\"@graph\":[{\"@type\":\"WebPage\",\"@id\":\"https:\/\/swisstreasures.ch\/index.php\/other-brand\/\",\"url\":\"https:\/\/swisstreasures.ch\/index.php\/other-brand\/\",\"name\":\"COLLECTION OTHER BRANDS - SWISSTREASURES SA\",\"isPartOf\":{\"@id\":\"https:\/\/swisstreasures.ch\/#website\"},\"datePublished\":\"2023-02-06T12:05:33+00:00\",\"dateModified\":\"2025-06-20T11:10:50+00:00\",\"description\":\"Notre collection \\\"OTHER BRAND\\\", achat et vente de mod\u00e8les de Maison COLLECTOR par Swisstreasures SA.\",\"breadcrumb\":{\"@id\":\"https:\/\/swisstreasures.ch\/index.php\/other-brand\/#breadcrumb\"},\"inLanguage\":\"en-US\",\"potentialAction\":[{\"@type\":\"ReadAction\",\"target\":[\"https:\/\/swisstreasures.ch\/index.php\/other-brand\/\"]}]},{\"@type\":\"BreadcrumbList\",\"@id\":\"https:\/\/swisstreasures.ch\/index.php\/other-brand\/#breadcrumb\",\"itemListElement\":[{\"@type\":\"ListItem\",\"position\":1,\"name\":\"Home\",\"item\":\"https:\/\/swisstreasures.ch\/\"},{\"@type\":\"ListItem\",\"position\":2,\"name\":\"COLLECTION OTHER BRANDS\"}]},{\"@type\":\"WebSite\",\"@id\":\"https:\/\/swisstreasures.ch\/#website\",\"url\":\"https:\/\/swisstreasures.ch\/\",\"name\":\"SWISSTREASURES \u2013 Acheter et vendre des montres \u00e0 Gen\u00e8ve\",\"description\":\"\",\"publisher\":{\"@id\":\"https:\/\/swisstreasures.ch\/#organization\"},\"potentialAction\":[{\"@type\":\"SearchAction\",\"target\":{\"@type\":\"EntryPoint\",\"urlTemplate\":\"https:\/\/swisstreasures.ch\/?s={search_term_string}\"},\"query-input\":\"required name=search_term_string\"}],\"inLanguage\":\"en-US\"},{\"@type\":\"Organization\",\"@id\":\"https:\/\/swisstreasures.ch\/#organization\",\"name\":\"SWISSTREASURES \u2013 Acheter et vendre des montres \u00e0 Gen\u00e8ve\",\"url\":\"https:\/\/swisstreasures.ch\/\",\"logo\":{\"@type\":\"ImageObject\",\"inLanguage\":\"en-US\",\"@id\":\"https:\/\/swisstreasures.ch\/#\/schema\/logo\/image\/\",\"url\":\"https:\/\/swisstreasures.ch\/wp-content\/uploads\/2021\/02\/LOGOSITEIDENTITY-1.png\",\"contentUrl\":\"https:\/\/swisstreasures.ch\/wp-content\/uploads\/2021\/02\/LOGOSITEIDENTITY-1.png\",\"width\":974,\"height\":133,\"caption\":\"SWISSTREASURES \u2013 Acheter et vendre des montres \u00e0 Gen\u00e8ve\"},\"image\":{\"@id\":\"https:\/\/swisstreasures.ch\/#\/schema\/logo\/image\/\"}}]}<\/script>\n<!-- \/ Yoast SEO plugin. -->","yoast_head_json":{"title":"COLLECTION OTHER BRANDS - SWISSTREASURES SA","description":"Notre collection \"OTHER BRAND\", achat et vente de mod\u00e8les de Maison COLLECTOR par Swisstreasures SA.","robots":{"index":"index","follow":"follow","max-snippet":"max-snippet:-1","max-image-preview":"max-image-preview:large","max-video-preview":"max-video-preview:-1"},"canonical":"https:\/\/swisstreasures.ch\/index.php\/other-brand\/","og_locale":"en_US","og_type":"article","og_title":"COLLECTION OTHER BRANDS - SWISSTREASURES SA","og_description":"Notre collection \"OTHER BRAND\", achat et vente de mod\u00e8les de Maison COLLECTOR par Swisstreasures SA.","og_url":"https:\/\/swisstreasures.ch\/index.php\/other-brand\/","og_site_name":"SWISSTREASURES \u2013 Acheter et vendre des montres \u00e0 Gen\u00e8ve","article_modified_time":"2025-06-20T11:10:50+00:00","twitter_card":"summary_large_image","twitter_misc":{"Est. reading time":"2 minutes"},"schema":{"@context":"https:\/\/schema.org","@graph":[{"@type":"WebPage","@id":"https:\/\/swisstreasures.ch\/index.php\/other-brand\/","url":"https:\/\/swisstreasures.ch\/index.php\/other-brand\/","name":"COLLECTION OTHER BRANDS - SWISSTREASURES SA","isPartOf":{"@id":"https:\/\/swisstreasures.ch\/#website"},"datePublished":"2023-02-06T12:05:33+00:00","dateModified":"2025-06-20T11:10:50+00:00","description":"Notre collection \"OTHER BRAND\", achat et vente de mod\u00e8les de Maison COLLECTOR par Swisstreasures SA.","breadcrumb":{"@id":"https:\/\/swisstreasures.ch\/index.php\/other-brand\/#breadcrumb"},"inLanguage":"en-US","potentialAction":[{"@type":"ReadAction","target":["https:\/\/swisstreasures.ch\/index.php\/other-brand\/"]}]},{"@type":"BreadcrumbList","@id":"https:\/\/swisstreasures.ch\/index.php\/other-brand\/#breadcrumb","itemListElement":[{"@type":"ListItem","position":1,"name":"Home","item":"https:\/\/swisstreasures.ch\/"},{"@type":"ListItem","position":2,"name":"COLLECTION OTHER BRANDS"}]},{"@type":"WebSite","@id":"https:\/\/swisstreasures.ch\/#website","url":"https:\/\/swisstreasures.ch\/","name":"SWISSTREASURES \u2013 Acheter et vendre des montres \u00e0 Gen\u00e8ve","description":"","publisher":{"@id":"https:\/\/swisstreasures.ch\/#organization"},"potentialAction":[{"@type":"SearchAction","target":{"@type":"EntryPoint","urlTemplate":"https:\/\/swisstreasures.ch\/?s={search_term_string}"},"query-input":"required name=search_term_string"}],"inLanguage":"en-US"},{"@type":"Organization","@id":"https:\/\/swisstreasures.ch\/#organization","name":"SWISSTREASURES \u2013 Acheter et vendre des montres \u00e0 Gen\u00e8ve","url":"https:\/\/swisstreasures.ch\/","logo":{"@type":"ImageObject","inLanguage":"en-US","@id":"https:\/\/swisstreasures.ch\/#\/schema\/logo\/image\/","url":"https:\/\/swisstreasures.ch\/wp-content\/uploads\/2021\/02\/LOGOSITEIDENTITY-1.png","contentUrl":"https:\/\/swisstreasures.ch\/wp-content\/uploads\/2021\/02\/LOGOSITEIDENTITY-1.png","width":974,"height":133,"caption":"SWISSTREASURES \u2013 Acheter et vendre des montres \u00e0 Gen\u00e8ve"},"image":{"@id":"https:\/\/swisstreasures.ch\/#\/schema\/logo\/image\/"}}]}},"_links":{"self":[{"href":"https:\/\/swisstreasures.ch\/index.php\/wp-json\/wp\/v2\/pages\/1831"}],"collection":[{"href":"https:\/\/swisstreasures.ch\/index.php\/wp-json\/wp\/v2\/pages"}],"about":[{"href":"https:\/\/swisstreasures.ch\/index.php\/wp-json\/wp\/v2\/types\/page"}],"author":[{"embeddable":true,"href":"https:\/\/swisstreasures.ch\/index.php\/wp-json\/wp\/v2\/users\/1"}],"replies":[{"embeddable":true,"href":"https:\/\/swisstreasures.ch\/index.php\/wp-json\/wp\/v2\/comments?post=1831"}],"version-history":[{"count":3,"href":"https:\/\/swisstreasures.ch\/index.php\/wp-json\/wp\/v2\/pages\/1831\/revisions"}],"predecessor-version":[{"id":4590,"href":"https:\/\/swisstreasures.ch\/index.php\/wp-json\/wp\/v2\/pages\/1831\/revisions\/4590"}],"wp:attachment":[{"href":"https:\/\/swisstreasures.ch\/index.php\/wp-json\/wp\/v2\/media?parent=1831"}],"curies":[{"name":"wp","href":"https:\/\/api.w.org\/{rel}","templated":true}]}}