{"id":267,"date":"2021-02-15T20:40:10","date_gmt":"2021-02-15T20:40:10","guid":{"rendered":"https:\/\/swisstreasures.ch\/?page_id=267"},"modified":"2026-01-08T17:55:15","modified_gmt":"2026-01-08T17:55:15","slug":"notre-collection","status":"publish","type":"page","link":"https:\/\/swisstreasures.ch\/index.php\/notre-collection\/","title":{"rendered":"NOTRE COLLECTION"},"content":{"rendered":"<p><img decoding=\"async\" src=\"https:\/\/swisstreasures.ch\/wp-content\/uploads\/2021\/02\/NEW-LOGO-ST-2023-WHITE.png\" title=\"NEW-LOGO-ST-2023-WHITE\" alt=\"NEW-LOGO-ST-2023-WHITE\" loading=\"lazy\"><br \/>\n<a role=\"button\"><br \/>\nD\u00c9COUVREZ NOTRE COLLECTION<br \/>\n<\/a><\/p>\n<h2>COLLECTION HORLOGERE DEPUIS 1978<\/h2>\n<p><img decoding=\"async\" src=\"https:\/\/swisstreasures.ch\/wp-content\/uploads\/2023\/03\/PhotoRoom_20211126_235111-removebg-preview.png\" title=\"PhotoRoom_20211126_235111-removebg-preview\" alt=\"PhotoRoom_20211126_235111-removebg-preview\" loading=\"lazy\"><br \/>\n<a href=\"https:\/\/swisstreasures.ch\/index.php\/collection-richard-mille\/\" role=\"button\"><br \/>\nCOLLECTION<br \/>\nRICHARD MILLE<br \/>\n<\/a><br \/>\n<img decoding=\"async\" width=\"450\" height=\"450\" src=\"https:\/\/swisstreasures.ch\/wp-content\/uploads\/2026\/01\/IMG_4169_Original-450x450.jpg\" alt=\"\" loading=\"lazy\" srcset=\"https:\/\/swisstreasures.ch\/wp-content\/uploads\/2026\/01\/IMG_4169_Original-450x450.jpg 450w, https:\/\/swisstreasures.ch\/wp-content\/uploads\/2026\/01\/IMG_4169_Original-150x150.jpg 150w, https:\/\/swisstreasures.ch\/wp-content\/uploads\/2026\/01\/IMG_4169_Original-100x100.jpg 100w\" sizes=\"(max-width: 450px) 100vw, 450px\"><br \/>\n<a href=\"https:\/\/swisstreasures.ch\/index.php\/collection-fp-journe\/\" role=\"button\"><br \/>\nCOLLECTION<br \/>\nFP JOURNE<br \/>\n<\/a><br \/>\n<img decoding=\"async\" width=\"450\" height=\"450\" src=\"https:\/\/swisstreasures.ch\/wp-content\/uploads\/2026\/01\/Image-representative-Rolex-450x450.jpeg\" alt=\"\" loading=\"lazy\" srcset=\"https:\/\/swisstreasures.ch\/wp-content\/uploads\/2026\/01\/Image-representative-Rolex-450x450.jpeg 450w, https:\/\/swisstreasures.ch\/wp-content\/uploads\/2026\/01\/Image-representative-Rolex-150x150.jpeg 150w, https:\/\/swisstreasures.ch\/wp-content\/uploads\/2026\/01\/Image-representative-Rolex-100x100.jpeg 100w\" sizes=\"(max-width: 450px) 100vw, 450px\"><br \/>\n<a href=\"https:\/\/swisstreasures.ch\/index.php\/other-brand\/\" role=\"button\"><br \/>\nCOLLECTION<br \/>\nOTHER BRANDS<br \/>\n<\/a><br \/>\n<img decoding=\"async\" width=\"450\" height=\"450\" src=\"https:\/\/swisstreasures.ch\/wp-content\/uploads\/2026\/01\/Capture-decran-.-2026-01-08-a-12.38.52-450x450.jpeg\" alt=\"\" loading=\"lazy\" srcset=\"https:\/\/swisstreasures.ch\/wp-content\/uploads\/2026\/01\/Capture-decran-.-2026-01-08-a-12.38.52-450x450.jpeg 450w, https:\/\/swisstreasures.ch\/wp-content\/uploads\/2026\/01\/Capture-decran-.-2026-01-08-a-12.38.52-150x150.jpeg 150w, https:\/\/swisstreasures.ch\/wp-content\/uploads\/2026\/01\/Capture-decran-.-2026-01-08-a-12.38.52-100x100.jpeg 100w\" sizes=\"(max-width: 450px) 100vw, 450px\"><br \/>\n<a href=\"https:\/\/swisstreasures.ch\/index.php\/collection-rolex\/\" role=\"button\"><br \/>\nCOLLECTION<br \/>\nROLEX<br \/>\n<\/a><br \/>\n<img decoding=\"async\" src=\"https:\/\/swisstreasures.ch\/wp-content\/uploads\/2023\/03\/PhotoRoom_005_20230208_150839-min-removebg-preview.png\" title=\"PhotoRoom_005_20230208_150839-min-removebg-preview\" alt=\"PhotoRoom_005_20230208_150839-min-removebg-preview\" loading=\"lazy\"><br \/>\n<a href=\"https:\/\/swisstreasures.ch\/index.php\/collection-patek-philippe\/\" role=\"button\"><br \/>\nCOLLECTION<br \/>\nPATEK PHILIPPE<br \/>\n<\/a><br \/>\n<img decoding=\"async\" width=\"450\" height=\"450\" src=\"https:\/\/swisstreasures.ch\/wp-content\/uploads\/2026\/01\/IMG_0496-450x450.jpeg\" alt=\"\" loading=\"lazy\" srcset=\"https:\/\/swisstreasures.ch\/wp-content\/uploads\/2026\/01\/IMG_0496-450x450.jpeg 450w, https:\/\/swisstreasures.ch\/wp-content\/uploads\/2026\/01\/IMG_0496-150x150.jpeg 150w, https:\/\/swisstreasures.ch\/wp-content\/uploads\/2026\/01\/IMG_0496-100x100.jpeg 100w\" sizes=\"(max-width: 450px) 100vw, 450px\"><br \/>\n<a href=\"https:\/\/swisstreasures.ch\/index.php\/collection-audemars-piguet\/\" role=\"button\"><br \/>\nCOLLECTION<br \/>\nAUDEMARD PIGUET<br \/>\n<\/a><br \/>\n<img decoding=\"async\" src=\"https:\/\/swisstreasures.ch\/wp-content\/uploads\/2023\/03\/Sans-titre-15-2.png\" title=\"Sans titre \u2013 15\" alt=\"Sans titre - 15\" loading=\"lazy\"><br \/>\n<a href=\"https:\/\/www.chrono24.ch\/dealer\/cashandlux\/index.htm?SETLANG=fr_CH&amp;SETCURR=CHF&amp;goal_change_domain=1\" role=\"button\"><br \/>\nD\u00c9COUVREZ PLUS DE MOD\u00c8LES EXCLUSIFS<br \/>\n<\/a><\/p>\n","protected":false},"excerpt":{"rendered":"<p>D\u00c9COUVREZ NOTRE COLLECTION COLLECTION HORLOGERE DEPUIS 1978 COLLECTION RICHARD MILLE COLLECTION FP JOURNE COLLECTION OTHER BRANDS COLLECTION ROLEX COLLECTION PATEK PHILIPPE COLLECTION AUDEMARD PIGUET D\u00c9COUVREZ PLUS DE MOD\u00c8LES EXCLUSIFS<\/p>\n","protected":false},"author":1,"featured_media":0,"parent":0,"menu_order":0,"comment_status":"closed","ping_status":"closed","template":"elementor_header_footer","meta":{"_joinchat":[]},"yoast_head":"<!-- This site is optimized with the Yoast SEO plugin v20.8 - https:\/\/yoast.com\/wordpress\/plugins\/seo\/ -->\n<title>NOTRE COLLECTION - SWISSTREASURES \u2013 Acheter et vendre des montres \u00e0 Gen\u00e8ve<\/title>\n<meta name=\"robots\" content=\"index, follow, max-snippet:-1, max-image-preview:large, max-video-preview:-1\" \/>\n<link rel=\"canonical\" href=\"https:\/\/swisstreasures.ch\/index.php\/notre-collection\/\" \/>\n<meta property=\"og:locale\" content=\"en_US\" \/>\n<meta property=\"og:type\" content=\"article\" \/>\n<meta property=\"og:title\" content=\"NOTRE COLLECTION - SWISSTREASURES \u2013 Acheter et vendre des montres \u00e0 Gen\u00e8ve\" \/>\n<meta property=\"og:description\" content=\"D\u00c9COUVREZ NOTRE COLLECTION COLLECTION HORLOGERE DEPUIS 1978 COLLECTION RICHARD MILLE COLLECTION FP JOURNE COLLECTION OTHER BRANDS COLLECTION ROLEX COLLECTION PATEK PHILIPPE COLLECTION AUDEMARD PIGUET D\u00c9COUVREZ PLUS DE MOD\u00c8LES EXCLUSIFS\" \/>\n<meta property=\"og:url\" content=\"https:\/\/swisstreasures.ch\/index.php\/notre-collection\/\" \/>\n<meta property=\"og:site_name\" content=\"SWISSTREASURES \u2013 Acheter et vendre des montres \u00e0 Gen\u00e8ve\" \/>\n<meta property=\"article:modified_time\" content=\"2026-01-08T17:55:15+00:00\" \/>\n<meta property=\"og:image\" content=\"https:\/\/swisstreasures.ch\/wp-content\/uploads\/2021\/02\/NEW-LOGO-ST-2023-WHITE.png\" \/>\n<meta name=\"twitter:card\" content=\"summary_large_image\" \/>\n<meta name=\"twitter:label1\" content=\"Est. reading time\" \/>\n\t<meta name=\"twitter:data1\" content=\"2 minutes\" \/>\n<script type=\"application\/ld+json\" class=\"yoast-schema-graph\">{\"@context\":\"https:\/\/schema.org\",\"@graph\":[{\"@type\":\"WebPage\",\"@id\":\"https:\/\/swisstreasures.ch\/index.php\/notre-collection\/\",\"url\":\"https:\/\/swisstreasures.ch\/index.php\/notre-collection\/\",\"name\":\"NOTRE COLLECTION - SWISSTREASURES \u2013 Acheter et vendre des montres \u00e0 Gen\u00e8ve\",\"isPartOf\":{\"@id\":\"https:\/\/swisstreasures.ch\/#website\"},\"datePublished\":\"2021-02-15T20:40:10+00:00\",\"dateModified\":\"2026-01-08T17:55:15+00:00\",\"breadcrumb\":{\"@id\":\"https:\/\/swisstreasures.ch\/index.php\/notre-collection\/#breadcrumb\"},\"inLanguage\":\"en-US\",\"potentialAction\":[{\"@type\":\"ReadAction\",\"target\":[\"https:\/\/swisstreasures.ch\/index.php\/notre-collection\/\"]}]},{\"@type\":\"BreadcrumbList\",\"@id\":\"https:\/\/swisstreasures.ch\/index.php\/notre-collection\/#breadcrumb\",\"itemListElement\":[{\"@type\":\"ListItem\",\"position\":1,\"name\":\"Home\",\"item\":\"https:\/\/swisstreasures.ch\/\"},{\"@type\":\"ListItem\",\"position\":2,\"name\":\"NOTRE COLLECTION\"}]},{\"@type\":\"WebSite\",\"@id\":\"https:\/\/swisstreasures.ch\/#website\",\"url\":\"https:\/\/swisstreasures.ch\/\",\"name\":\"SWISSTREASURES \u2013 Acheter et vendre des montres \u00e0 Gen\u00e8ve\",\"description\":\"\",\"publisher\":{\"@id\":\"https:\/\/swisstreasures.ch\/#organization\"},\"potentialAction\":[{\"@type\":\"SearchAction\",\"target\":{\"@type\":\"EntryPoint\",\"urlTemplate\":\"https:\/\/swisstreasures.ch\/?s={search_term_string}\"},\"query-input\":\"required name=search_term_string\"}],\"inLanguage\":\"en-US\"},{\"@type\":\"Organization\",\"@id\":\"https:\/\/swisstreasures.ch\/#organization\",\"name\":\"SWISSTREASURES \u2013 Acheter et vendre des montres \u00e0 Gen\u00e8ve\",\"url\":\"https:\/\/swisstreasures.ch\/\",\"logo\":{\"@type\":\"ImageObject\",\"inLanguage\":\"en-US\",\"@id\":\"https:\/\/swisstreasures.ch\/#\/schema\/logo\/image\/\",\"url\":\"https:\/\/swisstreasures.ch\/wp-content\/uploads\/2021\/02\/LOGOSITEIDENTITY-1.png\",\"contentUrl\":\"https:\/\/swisstreasures.ch\/wp-content\/uploads\/2021\/02\/LOGOSITEIDENTITY-1.png\",\"width\":974,\"height\":133,\"caption\":\"SWISSTREASURES \u2013 Acheter et vendre des montres \u00e0 Gen\u00e8ve\"},\"image\":{\"@id\":\"https:\/\/swisstreasures.ch\/#\/schema\/logo\/image\/\"}}]}<\/script>\n<!-- \/ Yoast SEO plugin. -->","yoast_head_json":{"title":"NOTRE COLLECTION - SWISSTREASURES \u2013 Acheter et vendre des montres \u00e0 Gen\u00e8ve","robots":{"index":"index","follow":"follow","max-snippet":"max-snippet:-1","max-image-preview":"max-image-preview:large","max-video-preview":"max-video-preview:-1"},"canonical":"https:\/\/swisstreasures.ch\/index.php\/notre-collection\/","og_locale":"en_US","og_type":"article","og_title":"NOTRE COLLECTION - SWISSTREASURES \u2013 Acheter et vendre des montres \u00e0 Gen\u00e8ve","og_description":"D\u00c9COUVREZ NOTRE COLLECTION COLLECTION HORLOGERE DEPUIS 1978 COLLECTION RICHARD MILLE COLLECTION FP JOURNE COLLECTION OTHER BRANDS COLLECTION ROLEX COLLECTION PATEK PHILIPPE COLLECTION AUDEMARD PIGUET D\u00c9COUVREZ PLUS DE MOD\u00c8LES EXCLUSIFS","og_url":"https:\/\/swisstreasures.ch\/index.php\/notre-collection\/","og_site_name":"SWISSTREASURES \u2013 Acheter et vendre des montres \u00e0 Gen\u00e8ve","article_modified_time":"2026-01-08T17:55:15+00:00","og_image":[{"url":"https:\/\/swisstreasures.ch\/wp-content\/uploads\/2021\/02\/NEW-LOGO-ST-2023-WHITE.png"}],"twitter_card":"summary_large_image","twitter_misc":{"Est. reading time":"2 minutes"},"schema":{"@context":"https:\/\/schema.org","@graph":[{"@type":"WebPage","@id":"https:\/\/swisstreasures.ch\/index.php\/notre-collection\/","url":"https:\/\/swisstreasures.ch\/index.php\/notre-collection\/","name":"NOTRE COLLECTION - SWISSTREASURES \u2013 Acheter et vendre des montres \u00e0 Gen\u00e8ve","isPartOf":{"@id":"https:\/\/swisstreasures.ch\/#website"},"datePublished":"2021-02-15T20:40:10+00:00","dateModified":"2026-01-08T17:55:15+00:00","breadcrumb":{"@id":"https:\/\/swisstreasures.ch\/index.php\/notre-collection\/#breadcrumb"},"inLanguage":"en-US","potentialAction":[{"@type":"ReadAction","target":["https:\/\/swisstreasures.ch\/index.php\/notre-collection\/"]}]},{"@type":"BreadcrumbList","@id":"https:\/\/swisstreasures.ch\/index.php\/notre-collection\/#breadcrumb","itemListElement":[{"@type":"ListItem","position":1,"name":"Home","item":"https:\/\/swisstreasures.ch\/"},{"@type":"ListItem","position":2,"name":"NOTRE COLLECTION"}]},{"@type":"WebSite","@id":"https:\/\/swisstreasures.ch\/#website","url":"https:\/\/swisstreasures.ch\/","name":"SWISSTREASURES \u2013 Acheter et vendre des montres \u00e0 Gen\u00e8ve","description":"","publisher":{"@id":"https:\/\/swisstreasures.ch\/#organization"},"potentialAction":[{"@type":"SearchAction","target":{"@type":"EntryPoint","urlTemplate":"https:\/\/swisstreasures.ch\/?s={search_term_string}"},"query-input":"required name=search_term_string"}],"inLanguage":"en-US"},{"@type":"Organization","@id":"https:\/\/swisstreasures.ch\/#organization","name":"SWISSTREASURES \u2013 Acheter et vendre des montres \u00e0 Gen\u00e8ve","url":"https:\/\/swisstreasures.ch\/","logo":{"@type":"ImageObject","inLanguage":"en-US","@id":"https:\/\/swisstreasures.ch\/#\/schema\/logo\/image\/","url":"https:\/\/swisstreasures.ch\/wp-content\/uploads\/2021\/02\/LOGOSITEIDENTITY-1.png","contentUrl":"https:\/\/swisstreasures.ch\/wp-content\/uploads\/2021\/02\/LOGOSITEIDENTITY-1.png","width":974,"height":133,"caption":"SWISSTREASURES \u2013 Acheter et vendre des montres \u00e0 Gen\u00e8ve"},"image":{"@id":"https:\/\/swisstreasures.ch\/#\/schema\/logo\/image\/"}}]}},"_links":{"self":[{"href":"https:\/\/swisstreasures.ch\/index.php\/wp-json\/wp\/v2\/pages\/267"}],"collection":[{"href":"https:\/\/swisstreasures.ch\/index.php\/wp-json\/wp\/v2\/pages"}],"about":[{"href":"https:\/\/swisstreasures.ch\/index.php\/wp-json\/wp\/v2\/types\/page"}],"author":[{"embeddable":true,"href":"https:\/\/swisstreasures.ch\/index.php\/wp-json\/wp\/v2\/users\/1"}],"replies":[{"embeddable":true,"href":"https:\/\/swisstreasures.ch\/index.php\/wp-json\/wp\/v2\/comments?post=267"}],"version-history":[{"count":3,"href":"https:\/\/swisstreasures.ch\/index.php\/wp-json\/wp\/v2\/pages\/267\/revisions"}],"predecessor-version":[{"id":5227,"href":"https:\/\/swisstreasures.ch\/index.php\/wp-json\/wp\/v2\/pages\/267\/revisions\/5227"}],"wp:attachment":[{"href":"https:\/\/swisstreasures.ch\/index.php\/wp-json\/wp\/v2\/media?parent=267"}],"curies":[{"name":"wp","href":"https:\/\/api.w.org\/{rel}","templated":true}]}}