{"id":1811,"date":"2023-02-06T11:48:46","date_gmt":"2023-02-06T11:48:46","guid":{"rendered":"https:\/\/swisstreasures.ch\/?post_type=product&#038;p=1811"},"modified":"2025-07-22T09:46:55","modified_gmt":"2025-07-22T09:46:55","slug":"fp-journe-elegante-40-mm-titanium","status":"publish","type":"product","link":"https:\/\/swisstreasures.ch\/index.php\/product\/fp-journe-elegante-40-mm-titanium\/","title":{"rendered":"FP JOURNE \u201cELEGANTE\u201d 40 MM TITANIUM"},"content":{"rendered":"","protected":false},"excerpt":{"rendered":"<p><span style=\"font-weight: 400;\">A unique <strong>FP Journe<\/strong> with a distinctive and iconic sporty tortue-shaped case in titanium\u00a0<\/span><\/p>\n<p><span style=\"font-weight: 400;\"><strong>Reference:<\/strong> ELT<br \/>\n<\/span><span style=\"font-weight: 400;\"><strong>Model:<\/strong> Elegante<br \/>\n<\/span><span style=\"font-weight: 400;\"><strong>Calibre:<\/strong> <\/span><span style=\"font-weight: 400;\">Electro mechanical, cal. 1210, 18 jewels<br \/>\n<\/span><span style=\"font-weight: 400;\"><strong>Case material:<\/strong> Titanium<br \/>\n<\/span><span style=\"font-weight: 400;\"><strong>Bracelet:<\/strong> Chocolate rubber<br \/>\n<\/span><strong>Clasp\/Buckle: <\/strong><span style=\"font-weight: 400;\">Titanium F.P. Journe deployant clasp<br \/>\n<\/span><span style=\"font-weight: 400;\"><strong>Dial:<\/strong> White, Luminescent sapphire, Blued steel hands<br \/>\n<\/span><span style=\"font-weight: 400;\"><strong>Diameter:<\/strong> 40 x 35 mm<br \/>\n<\/span><span style=\"font-weight: 400;\"><strong>Circa:<\/strong> 2020<br \/>\n<\/span><strong>Accessories: <\/strong><span style=\"font-weight: 400;\">F.P. Journe guarantee <\/span><span style=\"font-weight: 400;\">dated 16th October 2020<\/span><span style=\"font-weight: 400;\">, card holder, outer packaging and fitted presentation box.<br \/>\n<\/span><span style=\"font-weight: 400;\"><strong>Condition:<\/strong> New full set<\/p>\n<p>ID SWT: 77026004<\/span><\/p>\n<p><span style=\"font-weight: 400;\">Notes:\u00a0 <\/span><span style=\"font-weight: 400;\">Founded by watchmaker <strong>Fran\u00e7ois-Paul Journe in 1999<\/strong>, the F.P. Journe brand is relatively young, but already is as highly regarded by collectors as many distinguished manufacturers with centuries-old heritage. In the minds of the world&#8217;s savviest collectors, Journe is producing some of the finest wristwatches the market has ever seen. Mastering his craft from restoring historical timepieces, he was the first to create a wristwatch incorporating two escapements that benefit from the phenomenon of resonance \u2014 the Chronom\u00e8tre \u00e0 R\u00e9sonance.<\/span><\/p>\n<p><span style=\"font-weight: 400;\">Key models include the R\u00e9sonance, tourbillon wristwatches incorporating a remontoir and the limited edition Vagabondage series. Especially sought-after are his earliest &#8220;souscription&#8221; watches, made in 1999.<\/span><\/p>\n","protected":false},"featured_media":1812,"comment_status":"open","ping_status":"closed","template":"","meta":{"_joinchat":[]},"product_cat":[30],"product_tag":[],"yoast_head":"<!-- This site is optimized with the Yoast SEO plugin v20.8 - https:\/\/yoast.com\/wordpress\/plugins\/seo\/ -->\n<title>FP JOURNE \u201cELEGANTE\u201d 40 MM TITANIUM - SWISSTREASURES SA<\/title>\n<meta name=\"description\" content=\"A unique FP Journe with a distinctive and iconic sporty tortue-shaped case in titanium\" \/>\n<meta name=\"robots\" content=\"index, follow, max-snippet:-1, max-image-preview:large, max-video-preview:-1\" \/>\n<link rel=\"canonical\" href=\"https:\/\/swisstreasures.ch\/index.php\/product\/fp-journe-elegante-40-mm-titanium\/\" \/>\n<meta property=\"og:locale\" content=\"en_US\" \/>\n<meta property=\"og:type\" content=\"article\" \/>\n<meta property=\"og:title\" content=\"FP JOURNE \u201cELEGANTE\u201d 40 MM TITANIUM - SWISSTREASURES SA\" \/>\n<meta property=\"og:description\" content=\"A unique FP Journe with a distinctive and iconic sporty tortue-shaped case in titanium\" \/>\n<meta property=\"og:url\" content=\"https:\/\/swisstreasures.ch\/index.php\/product\/fp-journe-elegante-40-mm-titanium\/\" \/>\n<meta property=\"og:site_name\" content=\"SWISSTREASURES \u2013 Acheter et vendre des montres \u00e0 Gen\u00e8ve\" \/>\n<meta property=\"article:modified_time\" content=\"2025-07-22T09:46:55+00:00\" \/>\n<meta property=\"og:image\" content=\"https:\/\/swisstreasures.ch\/wp-content\/uploads\/2023\/02\/PhotoRoom_006_20230115_155735-1024x1024.png\" \/>\n\t<meta property=\"og:image:width\" content=\"1024\" \/>\n\t<meta property=\"og:image:height\" content=\"1024\" \/>\n\t<meta property=\"og:image:type\" content=\"image\/png\" \/>\n<meta name=\"twitter:card\" content=\"summary_large_image\" \/>\n<script type=\"application\/ld+json\" class=\"yoast-schema-graph\">{\"@context\":\"https:\/\/schema.org\",\"@graph\":[{\"@type\":\"WebPage\",\"@id\":\"https:\/\/swisstreasures.ch\/index.php\/product\/fp-journe-elegante-40-mm-titanium\/\",\"url\":\"https:\/\/swisstreasures.ch\/index.php\/product\/fp-journe-elegante-40-mm-titanium\/\",\"name\":\"FP JOURNE \u201cELEGANTE\u201d 40 MM TITANIUM - SWISSTREASURES SA\",\"isPartOf\":{\"@id\":\"https:\/\/swisstreasures.ch\/#website\"},\"datePublished\":\"2023-02-06T11:48:46+00:00\",\"dateModified\":\"2025-07-22T09:46:55+00:00\",\"description\":\"A unique FP Journe with a distinctive and iconic sporty tortue-shaped case in titanium\",\"breadcrumb\":{\"@id\":\"https:\/\/swisstreasures.ch\/index.php\/product\/fp-journe-elegante-40-mm-titanium\/#breadcrumb\"},\"inLanguage\":\"en-US\",\"potentialAction\":[{\"@type\":\"ReadAction\",\"target\":[\"https:\/\/swisstreasures.ch\/index.php\/product\/fp-journe-elegante-40-mm-titanium\/\"]}]},{\"@type\":\"BreadcrumbList\",\"@id\":\"https:\/\/swisstreasures.ch\/index.php\/product\/fp-journe-elegante-40-mm-titanium\/#breadcrumb\",\"itemListElement\":[{\"@type\":\"ListItem\",\"position\":1,\"name\":\"Home\",\"item\":\"https:\/\/swisstreasures.ch\/\"},{\"@type\":\"ListItem\",\"position\":2,\"name\":\"Shop\",\"item\":\"https:\/\/swisstreasures.ch\/index.php\/shop\/\"},{\"@type\":\"ListItem\",\"position\":3,\"name\":\"FP JOURNE \u201cELEGANTE\u201d 40 MM TITANIUM\"}]},{\"@type\":\"WebSite\",\"@id\":\"https:\/\/swisstreasures.ch\/#website\",\"url\":\"https:\/\/swisstreasures.ch\/\",\"name\":\"SWISSTREASURES \u2013 Acheter et vendre des montres \u00e0 Gen\u00e8ve\",\"description\":\"\",\"publisher\":{\"@id\":\"https:\/\/swisstreasures.ch\/#organization\"},\"potentialAction\":[{\"@type\":\"SearchAction\",\"target\":{\"@type\":\"EntryPoint\",\"urlTemplate\":\"https:\/\/swisstreasures.ch\/?s={search_term_string}\"},\"query-input\":\"required name=search_term_string\"}],\"inLanguage\":\"en-US\"},{\"@type\":\"Organization\",\"@id\":\"https:\/\/swisstreasures.ch\/#organization\",\"name\":\"SWISSTREASURES \u2013 Acheter et vendre des montres \u00e0 Gen\u00e8ve\",\"url\":\"https:\/\/swisstreasures.ch\/\",\"logo\":{\"@type\":\"ImageObject\",\"inLanguage\":\"en-US\",\"@id\":\"https:\/\/swisstreasures.ch\/#\/schema\/logo\/image\/\",\"url\":\"https:\/\/swisstreasures.ch\/wp-content\/uploads\/2021\/02\/LOGOSITEIDENTITY-1.png\",\"contentUrl\":\"https:\/\/swisstreasures.ch\/wp-content\/uploads\/2021\/02\/LOGOSITEIDENTITY-1.png\",\"width\":974,\"height\":133,\"caption\":\"SWISSTREASURES \u2013 Acheter et vendre des montres \u00e0 Gen\u00e8ve\"},\"image\":{\"@id\":\"https:\/\/swisstreasures.ch\/#\/schema\/logo\/image\/\"}}]}<\/script>\n<!-- \/ Yoast SEO plugin. -->","yoast_head_json":{"title":"FP JOURNE \u201cELEGANTE\u201d 40 MM TITANIUM - SWISSTREASURES SA","description":"A unique FP Journe with a distinctive and iconic sporty tortue-shaped case in titanium","robots":{"index":"index","follow":"follow","max-snippet":"max-snippet:-1","max-image-preview":"max-image-preview:large","max-video-preview":"max-video-preview:-1"},"canonical":"https:\/\/swisstreasures.ch\/index.php\/product\/fp-journe-elegante-40-mm-titanium\/","og_locale":"en_US","og_type":"article","og_title":"FP JOURNE \u201cELEGANTE\u201d 40 MM TITANIUM - SWISSTREASURES SA","og_description":"A unique FP Journe with a distinctive and iconic sporty tortue-shaped case in titanium","og_url":"https:\/\/swisstreasures.ch\/index.php\/product\/fp-journe-elegante-40-mm-titanium\/","og_site_name":"SWISSTREASURES \u2013 Acheter et vendre des montres \u00e0 Gen\u00e8ve","article_modified_time":"2025-07-22T09:46:55+00:00","og_image":[{"width":1024,"height":1024,"url":"https:\/\/swisstreasures.ch\/wp-content\/uploads\/2023\/02\/PhotoRoom_006_20230115_155735-1024x1024.png","type":"image\/png"}],"twitter_card":"summary_large_image","schema":{"@context":"https:\/\/schema.org","@graph":[{"@type":"WebPage","@id":"https:\/\/swisstreasures.ch\/index.php\/product\/fp-journe-elegante-40-mm-titanium\/","url":"https:\/\/swisstreasures.ch\/index.php\/product\/fp-journe-elegante-40-mm-titanium\/","name":"FP JOURNE \u201cELEGANTE\u201d 40 MM TITANIUM - SWISSTREASURES SA","isPartOf":{"@id":"https:\/\/swisstreasures.ch\/#website"},"datePublished":"2023-02-06T11:48:46+00:00","dateModified":"2025-07-22T09:46:55+00:00","description":"A unique FP Journe with a distinctive and iconic sporty tortue-shaped case in titanium","breadcrumb":{"@id":"https:\/\/swisstreasures.ch\/index.php\/product\/fp-journe-elegante-40-mm-titanium\/#breadcrumb"},"inLanguage":"en-US","potentialAction":[{"@type":"ReadAction","target":["https:\/\/swisstreasures.ch\/index.php\/product\/fp-journe-elegante-40-mm-titanium\/"]}]},{"@type":"BreadcrumbList","@id":"https:\/\/swisstreasures.ch\/index.php\/product\/fp-journe-elegante-40-mm-titanium\/#breadcrumb","itemListElement":[{"@type":"ListItem","position":1,"name":"Home","item":"https:\/\/swisstreasures.ch\/"},{"@type":"ListItem","position":2,"name":"Shop","item":"https:\/\/swisstreasures.ch\/index.php\/shop\/"},{"@type":"ListItem","position":3,"name":"FP JOURNE \u201cELEGANTE\u201d 40 MM TITANIUM"}]},{"@type":"WebSite","@id":"https:\/\/swisstreasures.ch\/#website","url":"https:\/\/swisstreasures.ch\/","name":"SWISSTREASURES \u2013 Acheter et vendre des montres \u00e0 Gen\u00e8ve","description":"","publisher":{"@id":"https:\/\/swisstreasures.ch\/#organization"},"potentialAction":[{"@type":"SearchAction","target":{"@type":"EntryPoint","urlTemplate":"https:\/\/swisstreasures.ch\/?s={search_term_string}"},"query-input":"required name=search_term_string"}],"inLanguage":"en-US"},{"@type":"Organization","@id":"https:\/\/swisstreasures.ch\/#organization","name":"SWISSTREASURES \u2013 Acheter et vendre des montres \u00e0 Gen\u00e8ve","url":"https:\/\/swisstreasures.ch\/","logo":{"@type":"ImageObject","inLanguage":"en-US","@id":"https:\/\/swisstreasures.ch\/#\/schema\/logo\/image\/","url":"https:\/\/swisstreasures.ch\/wp-content\/uploads\/2021\/02\/LOGOSITEIDENTITY-1.png","contentUrl":"https:\/\/swisstreasures.ch\/wp-content\/uploads\/2021\/02\/LOGOSITEIDENTITY-1.png","width":974,"height":133,"caption":"SWISSTREASURES \u2013 Acheter et vendre des montres \u00e0 Gen\u00e8ve"},"image":{"@id":"https:\/\/swisstreasures.ch\/#\/schema\/logo\/image\/"}}]}},"_links":{"self":[{"href":"https:\/\/swisstreasures.ch\/index.php\/wp-json\/wp\/v2\/product\/1811"}],"collection":[{"href":"https:\/\/swisstreasures.ch\/index.php\/wp-json\/wp\/v2\/product"}],"about":[{"href":"https:\/\/swisstreasures.ch\/index.php\/wp-json\/wp\/v2\/types\/product"}],"replies":[{"embeddable":true,"href":"https:\/\/swisstreasures.ch\/index.php\/wp-json\/wp\/v2\/comments?post=1811"}],"wp:featuredmedia":[{"embeddable":true,"href":"https:\/\/swisstreasures.ch\/index.php\/wp-json\/wp\/v2\/media\/1812"}],"wp:attachment":[{"href":"https:\/\/swisstreasures.ch\/index.php\/wp-json\/wp\/v2\/media?parent=1811"}],"wp:term":[{"taxonomy":"product_cat","embeddable":true,"href":"https:\/\/swisstreasures.ch\/index.php\/wp-json\/wp\/v2\/product_cat?post=1811"},{"taxonomy":"product_tag","embeddable":true,"href":"https:\/\/swisstreasures.ch\/index.php\/wp-json\/wp\/v2\/product_tag?post=1811"}],"curies":[{"name":"wp","href":"https:\/\/api.w.org\/{rel}","templated":true}]}}