{"id":4099,"date":"2025-03-14T09:11:38","date_gmt":"2025-03-14T09:11:38","guid":{"rendered":"https:\/\/swisstreasures.ch\/?post_type=product&#038;p=4099"},"modified":"2025-12-27T17:31:32","modified_gmt":"2025-12-27T17:31:32","slug":"fp-journe-elegante-48-mm-titalyt-new-full-set","status":"publish","type":"product","link":"https:\/\/swisstreasures.ch\/index.php\/product\/fp-journe-elegante-48-mm-titalyt-new-full-set\/","title":{"rendered":"FP JOURNE &#8220;ELEGANTE&#8221; 48 MM TITALYT NEW FULL SET"},"content":{"rendered":"","protected":false},"excerpt":{"rendered":"<p>A unique and impressive FP Journe El\u00e9gante ELHT with an electro-mechanical Titalyt tortue-shaped case 48 mm. New full set<\/p>\n<p><strong>Reference:<\/strong> ELHT<br \/>\n<strong>Model:<\/strong> El\u00e9gante<br \/>\n<strong>Movement:<\/strong> Quartz<br \/>\n<strong>Calibre:<\/strong> Electro mechanical, cal. 1210, 18 jewels<br \/>\nCas<strong>e material:<\/strong> Titalyt<br \/>\n<strong>Bracelet:<\/strong> Orange rubber<br \/>\n<strong>Clasp\/Buckle:<\/strong> Titalyt F. P. Journe deployant clasp<br \/>\n<strong>Dial:<\/strong> White, Luminescent sapphire, Blued steel hands<br \/>\n<strong>Signed:<\/strong> Case, dial, movement and clasp signed<br \/>\n<strong>Diameter:<\/strong> 48 x 40 mm<br \/>\n<strong>Year:<\/strong> 2022<br \/>\n<strong>Accessories:<\/strong> F.P. Journe guarantee, card holder, outer packaging and fitted presentation box.<br \/>\n<strong>Condition:<\/strong> New full set<\/p>\n<p>ID SWT: 77026012<\/p>\n<p>Notes:<br \/>\nThe F.P Journe \u00c9l\u00e9gante was officially introduced in 2014, and it has completely revolutionized the concept of a quartz movement. The \u00c9l\u00e9gante electro-mechanical movement line was developed over an eight year span.<\/p>\n<p>The \u00c9l\u00e9gante is available in both 40mm and 48mm sizes, and made in platinum, pink gold, titanium, and Titalyt. There are additionally some examples that are set with diamonds, enamel panels, or precious stones. Titalyt is basically titanium subjected to electro-plasm oxidation, a revolutionary technique which drastically improves the material\u2019s hardness and resistance to wear.<\/p>\n<p>Equipped with an electro-mechanical caliber 1210, the watch \u201chibernates\u201d after 35 minutes of inactivity to save battery life by stopping the hands from moving. When the watch is moved again, a small motion detector at 4 o\u2019clock \u201cawakens\u201d it, allowing the hands to be readjusted to the correct time. The dial is translucent white with black Arabic numerals and a chemin de fer outer ring, and it is entirely made with Super-LumiNova for total luminescence in darkness, allowing the dial to glow in a mesmerizing electric blue.<\/p>\n<p>The present \u00c9l\u00e9gante example with 48mm Titalyt case is complemented by a charismatic blue rubber strap, which elevates the watch with a sporty yet elegant and sophisticated look.<br \/>\nNew condition, it is accompanied by its complete set of guarantee and presentation box.<\/p>\n","protected":false},"featured_media":5114,"comment_status":"open","ping_status":"closed","template":"","meta":{"_joinchat":[]},"product_cat":[30],"product_tag":[],"yoast_head":"<!-- This site is optimized with the Yoast SEO plugin v20.8 - https:\/\/yoast.com\/wordpress\/plugins\/seo\/ -->\n<title>FP JOURNE &quot;ELEGANTE&quot; 48 MM TITALYT NEW FULL SET - SWISSTREASURES SA<\/title>\n<meta name=\"description\" content=\"FP JOURNE &quot;ELEGANTE&quot; 48 MM TITALYT NEW FULL SET\" \/>\n<meta name=\"robots\" content=\"index, follow, max-snippet:-1, max-image-preview:large, max-video-preview:-1\" \/>\n<link rel=\"canonical\" href=\"https:\/\/swisstreasures.ch\/index.php\/product\/fp-journe-elegante-48-mm-titalyt-new-full-set\/\" \/>\n<meta property=\"og:locale\" content=\"en_US\" \/>\n<meta property=\"og:type\" content=\"article\" \/>\n<meta property=\"og:title\" content=\"FP JOURNE &quot;ELEGANTE&quot; 48 MM TITALYT NEW FULL SET - SWISSTREASURES SA\" \/>\n<meta property=\"og:description\" content=\"FP JOURNE &quot;ELEGANTE&quot; 48 MM TITALYT NEW FULL SET\" \/>\n<meta property=\"og:url\" content=\"https:\/\/swisstreasures.ch\/index.php\/product\/fp-journe-elegante-48-mm-titalyt-new-full-set\/\" \/>\n<meta property=\"og:site_name\" content=\"SWISSTREASURES \u2013 Acheter et vendre des montres \u00e0 Gen\u00e8ve\" \/>\n<meta property=\"article:modified_time\" content=\"2025-12-27T17:31:32+00:00\" \/>\n<meta property=\"og:image\" content=\"https:\/\/swisstreasures.ch\/wp-content\/uploads\/2025\/03\/PhotoRoom_019_20230820_140414-min-1.jpg\" \/>\n\t<meta property=\"og:image:width\" content=\"1533\" \/>\n\t<meta property=\"og:image:height\" content=\"1938\" \/>\n\t<meta property=\"og:image:type\" content=\"image\/jpeg\" \/>\n<meta name=\"twitter:card\" content=\"summary_large_image\" \/>\n<script type=\"application\/ld+json\" class=\"yoast-schema-graph\">{\"@context\":\"https:\/\/schema.org\",\"@graph\":[{\"@type\":\"WebPage\",\"@id\":\"https:\/\/swisstreasures.ch\/index.php\/product\/fp-journe-elegante-48-mm-titalyt-new-full-set\/\",\"url\":\"https:\/\/swisstreasures.ch\/index.php\/product\/fp-journe-elegante-48-mm-titalyt-new-full-set\/\",\"name\":\"FP JOURNE \\\"ELEGANTE\\\" 48 MM TITALYT NEW FULL SET - SWISSTREASURES SA\",\"isPartOf\":{\"@id\":\"https:\/\/swisstreasures.ch\/#website\"},\"datePublished\":\"2025-03-14T09:11:38+00:00\",\"dateModified\":\"2025-12-27T17:31:32+00:00\",\"description\":\"FP JOURNE \\\"ELEGANTE\\\" 48 MM TITALYT NEW FULL SET\",\"breadcrumb\":{\"@id\":\"https:\/\/swisstreasures.ch\/index.php\/product\/fp-journe-elegante-48-mm-titalyt-new-full-set\/#breadcrumb\"},\"inLanguage\":\"en-US\",\"potentialAction\":[{\"@type\":\"ReadAction\",\"target\":[\"https:\/\/swisstreasures.ch\/index.php\/product\/fp-journe-elegante-48-mm-titalyt-new-full-set\/\"]}]},{\"@type\":\"BreadcrumbList\",\"@id\":\"https:\/\/swisstreasures.ch\/index.php\/product\/fp-journe-elegante-48-mm-titalyt-new-full-set\/#breadcrumb\",\"itemListElement\":[{\"@type\":\"ListItem\",\"position\":1,\"name\":\"Home\",\"item\":\"https:\/\/swisstreasures.ch\/\"},{\"@type\":\"ListItem\",\"position\":2,\"name\":\"Shop\",\"item\":\"https:\/\/swisstreasures.ch\/index.php\/shop\/\"},{\"@type\":\"ListItem\",\"position\":3,\"name\":\"FP JOURNE &#8220;ELEGANTE&#8221; 48 MM TITALYT NEW FULL SET\"}]},{\"@type\":\"WebSite\",\"@id\":\"https:\/\/swisstreasures.ch\/#website\",\"url\":\"https:\/\/swisstreasures.ch\/\",\"name\":\"SWISSTREASURES \u2013 Acheter et vendre des montres \u00e0 Gen\u00e8ve\",\"description\":\"\",\"publisher\":{\"@id\":\"https:\/\/swisstreasures.ch\/#organization\"},\"potentialAction\":[{\"@type\":\"SearchAction\",\"target\":{\"@type\":\"EntryPoint\",\"urlTemplate\":\"https:\/\/swisstreasures.ch\/?s={search_term_string}\"},\"query-input\":\"required name=search_term_string\"}],\"inLanguage\":\"en-US\"},{\"@type\":\"Organization\",\"@id\":\"https:\/\/swisstreasures.ch\/#organization\",\"name\":\"SWISSTREASURES \u2013 Acheter et vendre des montres \u00e0 Gen\u00e8ve\",\"url\":\"https:\/\/swisstreasures.ch\/\",\"logo\":{\"@type\":\"ImageObject\",\"inLanguage\":\"en-US\",\"@id\":\"https:\/\/swisstreasures.ch\/#\/schema\/logo\/image\/\",\"url\":\"https:\/\/swisstreasures.ch\/wp-content\/uploads\/2021\/02\/LOGOSITEIDENTITY-1.png\",\"contentUrl\":\"https:\/\/swisstreasures.ch\/wp-content\/uploads\/2021\/02\/LOGOSITEIDENTITY-1.png\",\"width\":974,\"height\":133,\"caption\":\"SWISSTREASURES \u2013 Acheter et vendre des montres \u00e0 Gen\u00e8ve\"},\"image\":{\"@id\":\"https:\/\/swisstreasures.ch\/#\/schema\/logo\/image\/\"}}]}<\/script>\n<!-- \/ Yoast SEO plugin. -->","yoast_head_json":{"title":"FP JOURNE \"ELEGANTE\" 48 MM TITALYT NEW FULL SET - SWISSTREASURES SA","description":"FP JOURNE \"ELEGANTE\" 48 MM TITALYT NEW FULL SET","robots":{"index":"index","follow":"follow","max-snippet":"max-snippet:-1","max-image-preview":"max-image-preview:large","max-video-preview":"max-video-preview:-1"},"canonical":"https:\/\/swisstreasures.ch\/index.php\/product\/fp-journe-elegante-48-mm-titalyt-new-full-set\/","og_locale":"en_US","og_type":"article","og_title":"FP JOURNE \"ELEGANTE\" 48 MM TITALYT NEW FULL SET - SWISSTREASURES SA","og_description":"FP JOURNE \"ELEGANTE\" 48 MM TITALYT NEW FULL SET","og_url":"https:\/\/swisstreasures.ch\/index.php\/product\/fp-journe-elegante-48-mm-titalyt-new-full-set\/","og_site_name":"SWISSTREASURES \u2013 Acheter et vendre des montres \u00e0 Gen\u00e8ve","article_modified_time":"2025-12-27T17:31:32+00:00","og_image":[{"width":1533,"height":1938,"url":"https:\/\/swisstreasures.ch\/wp-content\/uploads\/2025\/03\/PhotoRoom_019_20230820_140414-min-1.jpg","type":"image\/jpeg"}],"twitter_card":"summary_large_image","schema":{"@context":"https:\/\/schema.org","@graph":[{"@type":"WebPage","@id":"https:\/\/swisstreasures.ch\/index.php\/product\/fp-journe-elegante-48-mm-titalyt-new-full-set\/","url":"https:\/\/swisstreasures.ch\/index.php\/product\/fp-journe-elegante-48-mm-titalyt-new-full-set\/","name":"FP JOURNE \"ELEGANTE\" 48 MM TITALYT NEW FULL SET - SWISSTREASURES SA","isPartOf":{"@id":"https:\/\/swisstreasures.ch\/#website"},"datePublished":"2025-03-14T09:11:38+00:00","dateModified":"2025-12-27T17:31:32+00:00","description":"FP JOURNE \"ELEGANTE\" 48 MM TITALYT NEW FULL SET","breadcrumb":{"@id":"https:\/\/swisstreasures.ch\/index.php\/product\/fp-journe-elegante-48-mm-titalyt-new-full-set\/#breadcrumb"},"inLanguage":"en-US","potentialAction":[{"@type":"ReadAction","target":["https:\/\/swisstreasures.ch\/index.php\/product\/fp-journe-elegante-48-mm-titalyt-new-full-set\/"]}]},{"@type":"BreadcrumbList","@id":"https:\/\/swisstreasures.ch\/index.php\/product\/fp-journe-elegante-48-mm-titalyt-new-full-set\/#breadcrumb","itemListElement":[{"@type":"ListItem","position":1,"name":"Home","item":"https:\/\/swisstreasures.ch\/"},{"@type":"ListItem","position":2,"name":"Shop","item":"https:\/\/swisstreasures.ch\/index.php\/shop\/"},{"@type":"ListItem","position":3,"name":"FP JOURNE &#8220;ELEGANTE&#8221; 48 MM TITALYT NEW FULL SET"}]},{"@type":"WebSite","@id":"https:\/\/swisstreasures.ch\/#website","url":"https:\/\/swisstreasures.ch\/","name":"SWISSTREASURES \u2013 Acheter et vendre des montres \u00e0 Gen\u00e8ve","description":"","publisher":{"@id":"https:\/\/swisstreasures.ch\/#organization"},"potentialAction":[{"@type":"SearchAction","target":{"@type":"EntryPoint","urlTemplate":"https:\/\/swisstreasures.ch\/?s={search_term_string}"},"query-input":"required name=search_term_string"}],"inLanguage":"en-US"},{"@type":"Organization","@id":"https:\/\/swisstreasures.ch\/#organization","name":"SWISSTREASURES \u2013 Acheter et vendre des montres \u00e0 Gen\u00e8ve","url":"https:\/\/swisstreasures.ch\/","logo":{"@type":"ImageObject","inLanguage":"en-US","@id":"https:\/\/swisstreasures.ch\/#\/schema\/logo\/image\/","url":"https:\/\/swisstreasures.ch\/wp-content\/uploads\/2021\/02\/LOGOSITEIDENTITY-1.png","contentUrl":"https:\/\/swisstreasures.ch\/wp-content\/uploads\/2021\/02\/LOGOSITEIDENTITY-1.png","width":974,"height":133,"caption":"SWISSTREASURES \u2013 Acheter et vendre des montres \u00e0 Gen\u00e8ve"},"image":{"@id":"https:\/\/swisstreasures.ch\/#\/schema\/logo\/image\/"}}]}},"_links":{"self":[{"href":"https:\/\/swisstreasures.ch\/index.php\/wp-json\/wp\/v2\/product\/4099"}],"collection":[{"href":"https:\/\/swisstreasures.ch\/index.php\/wp-json\/wp\/v2\/product"}],"about":[{"href":"https:\/\/swisstreasures.ch\/index.php\/wp-json\/wp\/v2\/types\/product"}],"replies":[{"embeddable":true,"href":"https:\/\/swisstreasures.ch\/index.php\/wp-json\/wp\/v2\/comments?post=4099"}],"wp:featuredmedia":[{"embeddable":true,"href":"https:\/\/swisstreasures.ch\/index.php\/wp-json\/wp\/v2\/media\/5114"}],"wp:attachment":[{"href":"https:\/\/swisstreasures.ch\/index.php\/wp-json\/wp\/v2\/media?parent=4099"}],"wp:term":[{"taxonomy":"product_cat","embeddable":true,"href":"https:\/\/swisstreasures.ch\/index.php\/wp-json\/wp\/v2\/product_cat?post=4099"},{"taxonomy":"product_tag","embeddable":true,"href":"https:\/\/swisstreasures.ch\/index.php\/wp-json\/wp\/v2\/product_tag?post=4099"}],"curies":[{"name":"wp","href":"https:\/\/api.w.org\/{rel}","templated":true}]}}